{"id":791,"date":"2019-02-07T11:13:57","date_gmt":"2019-02-07T11:13:57","guid":{"rendered":"https:\/\/www.cavallslluispell.com\/lluis-pell\/"},"modified":"2019-02-07T12:10:36","modified_gmt":"2019-02-07T12:10:36","slug":"lluis-pell","status":"publish","type":"page","link":"https:\/\/www.cavallslluispell.com\/en\/lluis-pell\/","title":{"rendered":"Lluis pell"},"content":{"rendered":"\t\t<div data-elementor-type=\"wp-post\" data-elementor-id=\"791\" class=\"elementor elementor-791 elementor-33 elementor-bc-flex-widget\" data-elementor-post-type=\"page\">\n\t\t\t\t\t\t<section class=\"elementor-section elementor-top-section elementor-element elementor-element-3e44f35 elementor-section-full_width elementor-section-height-default elementor-section-height-default\" data-id=\"3e44f35\" data-element_type=\"section\">\n\t\t\t\t\t\t<div class=\"elementor-container elementor-column-gap-default\">\n\t\t\t\t\t<div class=\"elementor-column elementor-col-50 elementor-top-column elementor-element elementor-element-d955954\" data-id=\"d955954\" data-element_type=\"column\">\n\t\t\t<div class=\"elementor-widget-wrap elementor-element-populated\">\n\t\t\t\t\t\t<div class=\"elementor-element elementor-element-b7ce9f1 elementor-widget elementor-widget-image\" data-id=\"b7ce9f1\" data-element_type=\"widget\" data-widget_type=\"image.default\">\n\t\t\t\t<div class=\"elementor-widget-container\">\n\t\t\t\t\t\t\t\t\t\t\t\t\t\t\t<img fetchpriority=\"high\" decoding=\"async\" width=\"495\" height=\"529\" src=\"https:\/\/www.cavallslluispell.com\/wp-content\/uploads\/2018\/12\/foto_index.jpg\" class=\"attachment-full size-full wp-image-467\" alt=\"\" srcset=\"https:\/\/www.cavallslluispell.com\/wp-content\/uploads\/2018\/12\/foto_index.jpg 495w, https:\/\/www.cavallslluispell.com\/wp-content\/uploads\/2018\/12\/foto_index-281x300.jpg 281w\" sizes=\"(max-width: 495px) 100vw, 495px\" \/>\t\t\t\t\t\t\t\t\t\t\t\t\t\t\t<\/div>\n\t\t\t\t<\/div>\n\t\t\t\t\t<\/div>\n\t\t<\/div>\n\t\t\t\t<div class=\"elementor-column elementor-col-50 elementor-top-column elementor-element elementor-element-c43da47\" data-id=\"c43da47\" data-element_type=\"column\" data-settings=\"{&quot;background_background&quot;:&quot;classic&quot;}\">\n\t\t\t<div class=\"elementor-widget-wrap elementor-element-populated\">\n\t\t\t\t\t\t<div class=\"elementor-element elementor-element-888983f mgbotzero elementor-widget elementor-widget-text-editor\" data-id=\"888983f\" data-element_type=\"widget\" data-widget_type=\"text-editor.default\">\n\t\t\t\t<div class=\"elementor-widget-container\">\n\t\t\t\t\t\t\t\t\t<p>Sometimes I wonder:<\/p>\n\t\t\t\t\t\t\t\t<\/div>\n\t\t\t\t<\/div>\n\t\t\t\t<div class=\"elementor-element elementor-element-bdd8efd elementor-widget elementor-widget-text-editor\" data-id=\"bdd8efd\" data-element_type=\"widget\" data-widget_type=\"text-editor.default\">\n\t\t\t\t<div class=\"elementor-widget-container\">\n\t\t\t\t\t\t\t\t\t<p>Who would have said<br \/>\nthat I\u2019d dedicate<br \/>\nmyself to horses?<\/p>\n\t\t\t\t\t\t\t\t<\/div>\n\t\t\t\t<\/div>\n\t\t\t\t\t<\/div>\n\t\t<\/div>\n\t\t\t\t\t<\/div>\n\t\t<\/section>\n\t\t\t\t<section class=\"elementor-section elementor-top-section elementor-element elementor-element-4bc7e0c elementor-section-full_width elementor-section-height-default elementor-section-height-default\" data-id=\"4bc7e0c\" data-element_type=\"section\" data-settings=\"{&quot;background_background&quot;:&quot;classic&quot;}\">\n\t\t\t\t\t\t<div class=\"elementor-container elementor-column-gap-default\">\n\t\t\t\t\t<div class=\"elementor-column elementor-col-50 elementor-top-column elementor-element elementor-element-556cc14\" data-id=\"556cc14\" data-element_type=\"column\">\n\t\t\t<div class=\"elementor-widget-wrap elementor-element-populated\">\n\t\t\t\t\t\t<div class=\"elementor-element elementor-element-ea11c3d elementor-widget elementor-widget-text-editor\" data-id=\"ea11c3d\" data-element_type=\"widget\" data-widget_type=\"text-editor.default\">\n\t\t\t\t<div class=\"elementor-widget-container\">\n\t\t\t\t\t\t\t\t\t<p>This was not my way of earning a living, or what I had studied, but when I got to know them, I realized how fascinating they are.  I have always liked horses, although it was not until I was 20 years old that some friends and I decided to buy a mare and her foal.<\/p>\n<p>Currently, with the clearest concepts about horses and dressage, I decided to dedicate myself to her baby and to practice the discipline of the classic dressage. Always a little apart from the competition, I have managed to achieve the main concepts, ride well on horseback and have a solid base.<\/p>\n\t\t\t\t\t\t\t\t<\/div>\n\t\t\t\t<\/div>\n\t\t\t\t\t<\/div>\n\t\t<\/div>\n\t\t\t\t<div class=\"elementor-column elementor-col-50 elementor-top-column elementor-element elementor-element-c7d2898\" data-id=\"c7d2898\" data-element_type=\"column\">\n\t\t\t<div class=\"elementor-widget-wrap elementor-element-populated\">\n\t\t\t\t\t\t<div class=\"elementor-element elementor-element-262b2b7 elementor-widget elementor-widget-text-editor\" data-id=\"262b2b7\" data-element_type=\"widget\" data-widget_type=\"text-editor.default\">\n\t\t\t\t<div class=\"elementor-widget-container\">\n\t\t\t\t\t\t\t\t\t<p>Many times horses themselves teach us the little we know about them and are willing to teach us all that we still have to learn. The desire to learn and improve a bit more every day, at least in my case, has helped me to go forward.<\/p>\n<p>After 25 years I radically changed my way of working with horses: I suppose that, as with many of us who work with horses, I always dreamt of improving my relationship with them and do many things with them\u2026 And quite honestly I had always thought that these animals didn\u2019t understand much of what we told them or did with them, because it seemed that they were just so unresponsive.<br \/>\nHow wrong I was!<\/p>\n\t\t\t\t\t\t\t\t<\/div>\n\t\t\t\t<\/div>\n\t\t\t\t\t<\/div>\n\t\t<\/div>\n\t\t\t\t\t<\/div>\n\t\t<\/section>\n\t\t\t\t<section class=\"elementor-section elementor-top-section elementor-element elementor-element-dd5fa08 elementor-section-full_width elementor-section-height-default elementor-section-height-default\" data-id=\"dd5fa08\" data-element_type=\"section\" data-settings=\"{&quot;background_background&quot;:&quot;classic&quot;}\">\n\t\t\t\t\t\t<div class=\"elementor-container elementor-column-gap-default\">\n\t\t\t\t\t<div class=\"elementor-column elementor-col-50 elementor-top-column elementor-element elementor-element-cb0ca0e\" data-id=\"cb0ca0e\" data-element_type=\"column\">\n\t\t\t<div class=\"elementor-widget-wrap elementor-element-populated\">\n\t\t\t\t\t\t<div class=\"elementor-element elementor-element-513952c elementor-widget elementor-widget-image\" data-id=\"513952c\" data-element_type=\"widget\" data-widget_type=\"image.default\">\n\t\t\t\t<div class=\"elementor-widget-container\">\n\t\t\t\t\t\t\t\t\t\t\t\t\t\t\t<img decoding=\"async\" width=\"800\" height=\"800\" src=\"https:\/\/www.cavallslluispell.com\/wp-content\/uploads\/2018\/12\/lluis-2.jpg\" class=\"attachment-large size-large wp-image-469\" alt=\"\" srcset=\"https:\/\/www.cavallslluispell.com\/wp-content\/uploads\/2018\/12\/lluis-2.jpg 1000w, https:\/\/www.cavallslluispell.com\/wp-content\/uploads\/2018\/12\/lluis-2-150x150.jpg 150w, https:\/\/www.cavallslluispell.com\/wp-content\/uploads\/2018\/12\/lluis-2-300x300.jpg 300w, https:\/\/www.cavallslluispell.com\/wp-content\/uploads\/2018\/12\/lluis-2-768x768.jpg 768w, https:\/\/www.cavallslluispell.com\/wp-content\/uploads\/2018\/12\/lluis-2-100x100.jpg 100w\" sizes=\"(max-width: 800px) 100vw, 800px\" \/>\t\t\t\t\t\t\t\t\t\t\t\t\t\t\t<\/div>\n\t\t\t\t<\/div>\n\t\t\t\t\t<\/div>\n\t\t<\/div>\n\t\t\t\t<div class=\"elementor-column elementor-col-50 elementor-top-column elementor-element elementor-element-92ca75b\" data-id=\"92ca75b\" data-element_type=\"column\">\n\t\t\t<div class=\"elementor-widget-wrap elementor-element-populated\">\n\t\t\t\t\t\t<div class=\"elementor-element elementor-element-1d3d4b1 elementor-widget elementor-widget-image\" data-id=\"1d3d4b1\" data-element_type=\"widget\" data-widget_type=\"image.default\">\n\t\t\t\t<div class=\"elementor-widget-container\">\n\t\t\t\t\t\t\t\t\t\t\t\t\t\t\t<img decoding=\"async\" width=\"800\" height=\"800\" src=\"https:\/\/www.cavallslluispell.com\/wp-content\/uploads\/2018\/12\/lluis-3.jpg\" class=\"attachment-large size-large wp-image-471\" alt=\"\" srcset=\"https:\/\/www.cavallslluispell.com\/wp-content\/uploads\/2018\/12\/lluis-3.jpg 1000w, https:\/\/www.cavallslluispell.com\/wp-content\/uploads\/2018\/12\/lluis-3-150x150.jpg 150w, https:\/\/www.cavallslluispell.com\/wp-content\/uploads\/2018\/12\/lluis-3-300x300.jpg 300w, https:\/\/www.cavallslluispell.com\/wp-content\/uploads\/2018\/12\/lluis-3-768x768.jpg 768w, https:\/\/www.cavallslluispell.com\/wp-content\/uploads\/2018\/12\/lluis-3-100x100.jpg 100w\" sizes=\"(max-width: 800px) 100vw, 800px\" \/>\t\t\t\t\t\t\t\t\t\t\t\t\t\t\t<\/div>\n\t\t\t\t<\/div>\n\t\t\t\t\t<\/div>\n\t\t<\/div>\n\t\t\t\t\t<\/div>\n\t\t<\/section>\n\t\t\t\t<section class=\"elementor-section elementor-top-section elementor-element elementor-element-baa1f6c elementor-section-full_width elementor-section-height-default elementor-section-height-default\" data-id=\"baa1f6c\" data-element_type=\"section\">\n\t\t\t\t\t\t<div class=\"elementor-container elementor-column-gap-default\">\n\t\t\t\t\t<div class=\"elementor-column elementor-col-100 elementor-top-column elementor-element elementor-element-47abd9e\" data-id=\"47abd9e\" data-element_type=\"column\">\n\t\t\t<div class=\"elementor-widget-wrap elementor-element-populated\">\n\t\t\t\t\t\t<div class=\"elementor-element elementor-element-8342dbd elementor-widget elementor-widget-text-editor\" data-id=\"8342dbd\" data-element_type=\"widget\" data-widget_type=\"text-editor.default\">\n\t\t\t\t<div class=\"elementor-widget-container\">\n\t\t\t\t\t\t\t\t\t<p>So I got interested in natural horsemanship.<\/p>\n\t\t\t\t\t\t\t\t<\/div>\n\t\t\t\t<\/div>\n\t\t\t\t<div class=\"elementor-element elementor-element-e6f81d1 elementor-widget elementor-widget-text-editor\" data-id=\"e6f81d1\" data-element_type=\"widget\" data-widget_type=\"text-editor.default\">\n\t\t\t\t<div class=\"elementor-widget-container\">\n\t\t\t\t\t\t\t\t\t<p>I had seen a few things, but when I put them into practice and thought they wouldn\u2019t work, I put them aside. One day, however, I bought Parelli\u2019s Seven Games. They didn\u2019t seem like much\u2014what\u2019s more, if you don\u2019t give them much consideration, they can be a bit boring. But I thought that by working the games out you could have better control of the horse in hand and a good base to continue working on the saddle.After that, and by investing many hours, I got better and realised that horses respond to other, much less appreciated stimuli. It\u2019s as if there was a curtain that separates us from them: They fear us because we are predators, and once they overcome that fear everything changes.<\/p>\n<p>It is then when you realize that they are in fact observers\u2014they can differentiate and learn many things as long as they can relax and work with an appropriate system.<\/p>\n<p>I have bee working on this system for the past five years. I can see I have a long way to learn yet, but I never imagined that I could do everything I do with horses and the opportunities this offers me.<\/p>\n\t\t\t\t\t\t\t\t<\/div>\n\t\t\t\t<\/div>\n\t\t\t\t<div class=\"elementor-element elementor-element-c10199a elementor-widget elementor-widget-text-editor\" data-id=\"c10199a\" data-element_type=\"widget\" data-widget_type=\"text-editor.default\">\n\t\t\t\t<div class=\"elementor-widget-container\">\n\t\t\t\t\t\t\t\t\t<p>Now I can say that I have a method of teaching and relating to the horse, and I am used to training and to make natural taming spacers:<\/p>\n\t\t\t\t\t\t\t\t<\/div>\n\t\t\t\t<\/div>\n\t\t\t\t<section class=\"elementor-section elementor-inner-section elementor-element elementor-element-1037c3f elementor-section-boxed elementor-section-height-default elementor-section-height-default\" data-id=\"1037c3f\" data-element_type=\"section\">\n\t\t\t\t\t\t<div class=\"elementor-container elementor-column-gap-default\">\n\t\t\t\t\t<div class=\"elementor-column elementor-col-50 elementor-inner-column elementor-element elementor-element-8fcd6f3\" data-id=\"8fcd6f3\" data-element_type=\"column\">\n\t\t\t<div class=\"elementor-widget-wrap elementor-element-populated\">\n\t\t\t\t\t\t<div class=\"elementor-element elementor-element-40b5145 elementor-align-right elementor-mobile-align-center elementor-widget elementor-widget-button\" data-id=\"40b5145\" data-element_type=\"widget\" data-widget_type=\"button.default\">\n\t\t\t\t<div class=\"elementor-widget-container\">\n\t\t\t\t\t\t\t\t\t<div class=\"elementor-button-wrapper\">\n\t\t\t\t\t<a class=\"elementor-button elementor-button-link elementor-size-sm elementor-animation-sink\" href=\"https:\/\/www.cavallslluispell.com\/en\/tame\/\">\n\t\t\t\t\t\t<span class=\"elementor-button-content-wrapper\">\n\t\t\t\t\t\t\t\t\t<span class=\"elementor-button-text\">TAME<\/span>\n\t\t\t\t\t<\/span>\n\t\t\t\t\t<\/a>\n\t\t\t\t<\/div>\n\t\t\t\t\t\t\t\t<\/div>\n\t\t\t\t<\/div>\n\t\t\t\t\t<\/div>\n\t\t<\/div>\n\t\t\t\t<div class=\"elementor-column elementor-col-50 elementor-inner-column elementor-element elementor-element-fbc5150\" data-id=\"fbc5150\" data-element_type=\"column\">\n\t\t\t<div class=\"elementor-widget-wrap elementor-element-populated\">\n\t\t\t\t\t\t<div class=\"elementor-element elementor-element-120ba56 elementor-align-left elementor-mobile-align-center elementor-widget elementor-widget-button\" data-id=\"120ba56\" data-element_type=\"widget\" data-widget_type=\"button.default\">\n\t\t\t\t<div class=\"elementor-widget-container\">\n\t\t\t\t\t\t\t\t\t<div class=\"elementor-button-wrapper\">\n\t\t\t\t\t<a class=\"elementor-button elementor-button-link elementor-size-sm elementor-animation-sink\" href=\"https:\/\/www.cavallslluispell.com\/en\/shows\/\">\n\t\t\t\t\t\t<span class=\"elementor-button-content-wrapper\">\n\t\t\t\t\t\t\t\t\t<span class=\"elementor-button-text\">SHOW<\/span>\n\t\t\t\t\t<\/span>\n\t\t\t\t\t<\/a>\n\t\t\t\t<\/div>\n\t\t\t\t\t\t\t\t<\/div>\n\t\t\t\t<\/div>\n\t\t\t\t\t<\/div>\n\t\t<\/div>\n\t\t\t\t\t<\/div>\n\t\t<\/section>\n\t\t\t\t\t<\/div>\n\t\t<\/div>\n\t\t\t\t\t<\/div>\n\t\t<\/section>\n\t\t\t\t<\/div>\n\t\t","protected":false},"excerpt":{"rendered":"<p>Sometimes I wonder: Who would have said that I\u2019d dedicate myself to horses? This was not my way of earning a living, or what I had studied, but when I got to know them, I realized how fascinating they are. I have always liked horses, although it was not until I was 20 years old [&hellip;]<\/p>\n","protected":false},"author":1,"featured_media":0,"parent":0,"menu_order":0,"comment_status":"closed","ping_status":"closed","template":"elementor_header_footer","meta":{"inline_featured_image":false,"footnotes":""},"class_list":["post-791","page","type-page","status-publish","hentry"],"yoast_head":"<!-- This site is optimized with the Yoast SEO plugin v25.4 - https:\/\/yoast.com\/wordpress\/plugins\/seo\/ -->\n<title>Lluis pell - Cavalls Lluis Pell<\/title>\n<meta name=\"robots\" content=\"index, follow, max-snippet:-1, max-image-preview:large, max-video-preview:-1\" \/>\n<link rel=\"canonical\" href=\"https:\/\/www.cavallslluispell.com\/en\/lluis-pell\/\" \/>\n<meta property=\"og:locale\" content=\"en_US\" \/>\n<meta property=\"og:type\" content=\"article\" \/>\n<meta property=\"og:title\" content=\"Lluis pell - Cavalls Lluis Pell\" \/>\n<meta property=\"og:description\" content=\"Sometimes I wonder: Who would have said that I\u2019d dedicate myself to horses? This was not my way of earning a living, or what I had studied, but when I got to know them, I realized how fascinating they are. I have always liked horses, although it was not until I was 20 years old [&hellip;]\" \/>\n<meta property=\"og:url\" content=\"https:\/\/www.cavallslluispell.com\/en\/lluis-pell\/\" \/>\n<meta property=\"og:site_name\" content=\"Cavalls Lluis Pell\" \/>\n<meta property=\"article:modified_time\" content=\"2019-02-07T12:10:36+00:00\" \/>\n<meta property=\"og:image\" content=\"https:\/\/www.cavallslluispell.com\/wp-content\/uploads\/2018\/12\/foto_index.jpg\" \/>\n<meta name=\"twitter:card\" content=\"summary_large_image\" \/>\n<meta name=\"twitter:label1\" content=\"Est. reading time\" \/>\n\t<meta name=\"twitter:data1\" content=\"2 minutes\" \/>\n<script type=\"application\/ld+json\" class=\"yoast-schema-graph\">{\"@context\":\"https:\/\/schema.org\",\"@graph\":[{\"@type\":\"WebPage\",\"@id\":\"https:\/\/www.cavallslluispell.com\/en\/lluis-pell\/\",\"url\":\"https:\/\/www.cavallslluispell.com\/en\/lluis-pell\/\",\"name\":\"Lluis pell - Cavalls Lluis Pell\",\"isPartOf\":{\"@id\":\"https:\/\/www.cavallslluispell.com\/#website\"},\"primaryImageOfPage\":{\"@id\":\"https:\/\/www.cavallslluispell.com\/en\/lluis-pell\/#primaryimage\"},\"image\":{\"@id\":\"https:\/\/www.cavallslluispell.com\/en\/lluis-pell\/#primaryimage\"},\"thumbnailUrl\":\"https:\/\/www.cavallslluispell.com\/wp-content\/uploads\/2018\/12\/foto_index.jpg\",\"datePublished\":\"2019-02-07T11:13:57+00:00\",\"dateModified\":\"2019-02-07T12:10:36+00:00\",\"breadcrumb\":{\"@id\":\"https:\/\/www.cavallslluispell.com\/en\/lluis-pell\/#breadcrumb\"},\"inLanguage\":\"en-US\",\"potentialAction\":[{\"@type\":\"ReadAction\",\"target\":[\"https:\/\/www.cavallslluispell.com\/en\/lluis-pell\/\"]}]},{\"@type\":\"ImageObject\",\"inLanguage\":\"en-US\",\"@id\":\"https:\/\/www.cavallslluispell.com\/en\/lluis-pell\/#primaryimage\",\"url\":\"https:\/\/www.cavallslluispell.com\/wp-content\/uploads\/2018\/12\/foto_index.jpg\",\"contentUrl\":\"https:\/\/www.cavallslluispell.com\/wp-content\/uploads\/2018\/12\/foto_index.jpg\"},{\"@type\":\"BreadcrumbList\",\"@id\":\"https:\/\/www.cavallslluispell.com\/en\/lluis-pell\/#breadcrumb\",\"itemListElement\":[{\"@type\":\"ListItem\",\"position\":1,\"name\":\"Inici\",\"item\":\"https:\/\/www.cavallslluispell.com\/en\/home\/\"},{\"@type\":\"ListItem\",\"position\":2,\"name\":\"Lluis pell\"}]},{\"@type\":\"WebSite\",\"@id\":\"https:\/\/www.cavallslluispell.com\/#website\",\"url\":\"https:\/\/www.cavallslluispell.com\/\",\"name\":\"Cavalls Lluis Pell\",\"description\":\"Cria de cavalls de Pura Ra\u00e7a Espa\u00f1ola (PRE). Doma natural i doma cl\u00e0sica.\",\"publisher\":{\"@id\":\"https:\/\/www.cavallslluispell.com\/#organization\"},\"potentialAction\":[{\"@type\":\"SearchAction\",\"target\":{\"@type\":\"EntryPoint\",\"urlTemplate\":\"https:\/\/www.cavallslluispell.com\/?s={search_term_string}\"},\"query-input\":{\"@type\":\"PropertyValueSpecification\",\"valueRequired\":true,\"valueName\":\"search_term_string\"}}],\"inLanguage\":\"en-US\"},{\"@type\":\"Organization\",\"@id\":\"https:\/\/www.cavallslluispell.com\/#organization\",\"name\":\"Cavalls Llu\u00eds Pell\",\"url\":\"https:\/\/www.cavallslluispell.com\/\",\"logo\":{\"@type\":\"ImageObject\",\"inLanguage\":\"en-US\",\"@id\":\"https:\/\/www.cavallslluispell.com\/#\/schema\/logo\/image\/\",\"url\":\"https:\/\/www.cavallslluispell.com\/wp-content\/uploads\/2018\/12\/logo-ambP.png\",\"contentUrl\":\"https:\/\/www.cavallslluispell.com\/wp-content\/uploads\/2018\/12\/logo-ambP.png\",\"width\":248,\"height\":107,\"caption\":\"Cavalls Llu\u00eds Pell\"},\"image\":{\"@id\":\"https:\/\/www.cavallslluispell.com\/#\/schema\/logo\/image\/\"},\"sameAs\":[\"https:\/\/www.youtube.com\/channel\/UCYOSBhFoM_baI2RezI5oE_A\"]}]}<\/script>\n<!-- \/ Yoast SEO plugin. -->","yoast_head_json":{"title":"Lluis pell - Cavalls Lluis Pell","robots":{"index":"index","follow":"follow","max-snippet":"max-snippet:-1","max-image-preview":"max-image-preview:large","max-video-preview":"max-video-preview:-1"},"canonical":"https:\/\/www.cavallslluispell.com\/en\/lluis-pell\/","og_locale":"en_US","og_type":"article","og_title":"Lluis pell - Cavalls Lluis Pell","og_description":"Sometimes I wonder: Who would have said that I\u2019d dedicate myself to horses? This was not my way of earning a living, or what I had studied, but when I got to know them, I realized how fascinating they are. I have always liked horses, although it was not until I was 20 years old [&hellip;]","og_url":"https:\/\/www.cavallslluispell.com\/en\/lluis-pell\/","og_site_name":"Cavalls Lluis Pell","article_modified_time":"2019-02-07T12:10:36+00:00","og_image":[{"url":"https:\/\/www.cavallslluispell.com\/wp-content\/uploads\/2018\/12\/foto_index.jpg","type":"","width":"","height":""}],"twitter_card":"summary_large_image","twitter_misc":{"Est. reading time":"2 minutes"},"schema":{"@context":"https:\/\/schema.org","@graph":[{"@type":"WebPage","@id":"https:\/\/www.cavallslluispell.com\/en\/lluis-pell\/","url":"https:\/\/www.cavallslluispell.com\/en\/lluis-pell\/","name":"Lluis pell - Cavalls Lluis Pell","isPartOf":{"@id":"https:\/\/www.cavallslluispell.com\/#website"},"primaryImageOfPage":{"@id":"https:\/\/www.cavallslluispell.com\/en\/lluis-pell\/#primaryimage"},"image":{"@id":"https:\/\/www.cavallslluispell.com\/en\/lluis-pell\/#primaryimage"},"thumbnailUrl":"https:\/\/www.cavallslluispell.com\/wp-content\/uploads\/2018\/12\/foto_index.jpg","datePublished":"2019-02-07T11:13:57+00:00","dateModified":"2019-02-07T12:10:36+00:00","breadcrumb":{"@id":"https:\/\/www.cavallslluispell.com\/en\/lluis-pell\/#breadcrumb"},"inLanguage":"en-US","potentialAction":[{"@type":"ReadAction","target":["https:\/\/www.cavallslluispell.com\/en\/lluis-pell\/"]}]},{"@type":"ImageObject","inLanguage":"en-US","@id":"https:\/\/www.cavallslluispell.com\/en\/lluis-pell\/#primaryimage","url":"https:\/\/www.cavallslluispell.com\/wp-content\/uploads\/2018\/12\/foto_index.jpg","contentUrl":"https:\/\/www.cavallslluispell.com\/wp-content\/uploads\/2018\/12\/foto_index.jpg"},{"@type":"BreadcrumbList","@id":"https:\/\/www.cavallslluispell.com\/en\/lluis-pell\/#breadcrumb","itemListElement":[{"@type":"ListItem","position":1,"name":"Inici","item":"https:\/\/www.cavallslluispell.com\/en\/home\/"},{"@type":"ListItem","position":2,"name":"Lluis pell"}]},{"@type":"WebSite","@id":"https:\/\/www.cavallslluispell.com\/#website","url":"https:\/\/www.cavallslluispell.com\/","name":"Cavalls Lluis Pell","description":"Cria de cavalls de Pura Ra\u00e7a Espa\u00f1ola (PRE). Doma natural i doma cl\u00e0sica.","publisher":{"@id":"https:\/\/www.cavallslluispell.com\/#organization"},"potentialAction":[{"@type":"SearchAction","target":{"@type":"EntryPoint","urlTemplate":"https:\/\/www.cavallslluispell.com\/?s={search_term_string}"},"query-input":{"@type":"PropertyValueSpecification","valueRequired":true,"valueName":"search_term_string"}}],"inLanguage":"en-US"},{"@type":"Organization","@id":"https:\/\/www.cavallslluispell.com\/#organization","name":"Cavalls Llu\u00eds Pell","url":"https:\/\/www.cavallslluispell.com\/","logo":{"@type":"ImageObject","inLanguage":"en-US","@id":"https:\/\/www.cavallslluispell.com\/#\/schema\/logo\/image\/","url":"https:\/\/www.cavallslluispell.com\/wp-content\/uploads\/2018\/12\/logo-ambP.png","contentUrl":"https:\/\/www.cavallslluispell.com\/wp-content\/uploads\/2018\/12\/logo-ambP.png","width":248,"height":107,"caption":"Cavalls Llu\u00eds Pell"},"image":{"@id":"https:\/\/www.cavallslluispell.com\/#\/schema\/logo\/image\/"},"sameAs":["https:\/\/www.youtube.com\/channel\/UCYOSBhFoM_baI2RezI5oE_A"]}]}},"_links":{"self":[{"href":"https:\/\/www.cavallslluispell.com\/en\/wp-json\/wp\/v2\/pages\/791","targetHints":{"allow":["GET"]}}],"collection":[{"href":"https:\/\/www.cavallslluispell.com\/en\/wp-json\/wp\/v2\/pages"}],"about":[{"href":"https:\/\/www.cavallslluispell.com\/en\/wp-json\/wp\/v2\/types\/page"}],"author":[{"embeddable":true,"href":"https:\/\/www.cavallslluispell.com\/en\/wp-json\/wp\/v2\/users\/1"}],"replies":[{"embeddable":true,"href":"https:\/\/www.cavallslluispell.com\/en\/wp-json\/wp\/v2\/comments?post=791"}],"version-history":[{"count":3,"href":"https:\/\/www.cavallslluispell.com\/en\/wp-json\/wp\/v2\/pages\/791\/revisions"}],"predecessor-version":[{"id":822,"href":"https:\/\/www.cavallslluispell.com\/en\/wp-json\/wp\/v2\/pages\/791\/revisions\/822"}],"wp:attachment":[{"href":"https:\/\/www.cavallslluispell.com\/en\/wp-json\/wp\/v2\/media?parent=791"}],"curies":[{"name":"wp","href":"https:\/\/api.w.org\/{rel}","templated":true}]}}