{"id":804,"date":"2019-02-07T11:58:38","date_gmt":"2019-02-07T11:58:38","guid":{"rendered":"https:\/\/www.cavallslluispell.com\/contact\/"},"modified":"2019-03-05T08:57:19","modified_gmt":"2019-03-05T08:57:19","slug":"contact","status":"publish","type":"page","link":"https:\/\/www.cavallslluispell.com\/en\/contact\/","title":{"rendered":"Contact"},"content":{"rendered":"\t\t<div data-elementor-type=\"wp-post\" data-elementor-id=\"804\" class=\"elementor elementor-804 elementor-44 elementor-bc-flex-widget\" data-elementor-post-type=\"page\">\n\t\t\t\t\t\t<section class=\"elementor-section elementor-top-section elementor-element elementor-element-e783944 elementor-section-full_width elementor-section-height-default elementor-section-height-default\" data-id=\"e783944\" data-element_type=\"section\" data-settings=\"{&quot;background_background&quot;:&quot;classic&quot;}\">\n\t\t\t\t\t\t<div class=\"elementor-container elementor-column-gap-default\">\n\t\t\t\t\t<div class=\"elementor-column elementor-col-100 elementor-top-column elementor-element elementor-element-89c537f\" data-id=\"89c537f\" data-element_type=\"column\">\n\t\t\t<div class=\"elementor-widget-wrap elementor-element-populated\">\n\t\t\t\t\t\t<div class=\"elementor-element elementor-element-9772d5f elementor-widget elementor-widget-spacer\" data-id=\"9772d5f\" data-element_type=\"widget\" data-widget_type=\"spacer.default\">\n\t\t\t\t<div class=\"elementor-widget-container\">\n\t\t\t\t\t\t\t<div class=\"elementor-spacer\">\n\t\t\t<div class=\"elementor-spacer-inner\"><\/div>\n\t\t<\/div>\n\t\t\t\t\t\t<\/div>\n\t\t\t\t<\/div>\n\t\t\t\t\t<\/div>\n\t\t<\/div>\n\t\t\t\t\t<\/div>\n\t\t<\/section>\n\t\t\t\t<section class=\"elementor-section elementor-top-section elementor-element elementor-element-34b0bce elementor-section-full_width elementor-section-height-default elementor-section-height-default\" data-id=\"34b0bce\" data-element_type=\"section\" data-settings=\"{&quot;background_background&quot;:&quot;classic&quot;}\">\n\t\t\t\t\t\t<div class=\"elementor-container elementor-column-gap-default\">\n\t\t\t\t\t<div class=\"elementor-column elementor-col-100 elementor-top-column elementor-element elementor-element-3f683bb\" data-id=\"3f683bb\" data-element_type=\"column\" data-settings=\"{&quot;background_background&quot;:&quot;classic&quot;}\">\n\t\t\t<div class=\"elementor-widget-wrap elementor-element-populated\">\n\t\t\t\t\t\t<div class=\"elementor-element elementor-element-56ed56b elementor-widget elementor-widget-heading\" data-id=\"56ed56b\" data-element_type=\"widget\" data-widget_type=\"heading.default\">\n\t\t\t\t<div class=\"elementor-widget-container\">\n\t\t\t\t\t<p class=\"elementor-heading-title elementor-size-default\">Contact us<\/p>\t\t\t\t<\/div>\n\t\t\t\t<\/div>\n\t\t\t\t<div class=\"elementor-element elementor-element-fe10ff2 elementor-widget-divider--view-line elementor-widget elementor-widget-divider\" data-id=\"fe10ff2\" data-element_type=\"widget\" data-widget_type=\"divider.default\">\n\t\t\t\t<div class=\"elementor-widget-container\">\n\t\t\t\t\t\t\t<div class=\"elementor-divider\">\n\t\t\t<span class=\"elementor-divider-separator\">\n\t\t\t\t\t\t<\/span>\n\t\t<\/div>\n\t\t\t\t\t\t<\/div>\n\t\t\t\t<\/div>\n\t\t\t\t<section class=\"elementor-section elementor-inner-section elementor-element elementor-element-208e23f elementor-section-full_width elementor-section-height-default elementor-section-height-default\" data-id=\"208e23f\" data-element_type=\"section\">\n\t\t\t\t\t\t<div class=\"elementor-container elementor-column-gap-default\">\n\t\t\t\t\t<div class=\"elementor-column elementor-col-50 elementor-inner-column elementor-element elementor-element-71cfb3e\" data-id=\"71cfb3e\" data-element_type=\"column\">\n\t\t\t<div class=\"elementor-widget-wrap elementor-element-populated\">\n\t\t\t\t\t\t<div class=\"elementor-element elementor-element-f09093f dadescontacte elementor-widget elementor-widget-text-editor\" data-id=\"f09093f\" data-element_type=\"widget\" data-widget_type=\"text-editor.default\">\n\t\t\t\t<div class=\"elementor-widget-container\">\n\t\t\t\t\t\t\t\t\t<p><span style=\"margin-bottom: 0px !important;\"><br \/>\nContact information<\/span><\/p>\n\t\t\t\t\t\t\t\t<\/div>\n\t\t\t\t<\/div>\n\t\t\t\t<div class=\"elementor-element elementor-element-2dfd033 elementor-widget elementor-widget-text-editor\" data-id=\"2dfd033\" data-element_type=\"widget\" data-widget_type=\"text-editor.default\">\n\t\t\t\t<div class=\"elementor-widget-container\">\n\t\t\t\t\t\t\t\t\t<p>C\/Esgl\u00e8sia, 8<br \/>\n17121 Monells (Girona)<br \/>\nTel. 609 045 362<br \/>\nFax. 972 630 119<br \/>\ncavallslluispell@yahoo.es<\/p>\n\t\t\t\t\t\t\t\t<\/div>\n\t\t\t\t<\/div>\n\t\t\t\t<div class=\"elementor-element elementor-element-485a829 elementor-align-left elementor-widget elementor-widget-button\" data-id=\"485a829\" data-element_type=\"widget\" data-widget_type=\"button.default\">\n\t\t\t\t<div class=\"elementor-widget-container\">\n\t\t\t\t\t\t\t\t\t<div class=\"elementor-button-wrapper\">\n\t\t\t\t\t<a class=\"elementor-button elementor-button-link elementor-size-sm elementor-animation-sink\" href=\"https:\/\/www.youtube.com\/channel\/UCYOSBhFoM_baI2RezI5oE_A\" target=\"_blank\">\n\t\t\t\t\t\t<span class=\"elementor-button-content-wrapper\">\n\t\t\t\t\t\t\t\t\t<span class=\"elementor-button-text\">YOUTUBE CHANNEL<\/span>\n\t\t\t\t\t<\/span>\n\t\t\t\t\t<\/a>\n\t\t\t\t<\/div>\n\t\t\t\t\t\t\t\t<\/div>\n\t\t\t\t<\/div>\n\t\t\t\t\t<\/div>\n\t\t<\/div>\n\t\t\t\t<div class=\"elementor-column elementor-col-50 elementor-inner-column elementor-element elementor-element-1137428\" data-id=\"1137428\" data-element_type=\"column\">\n\t\t\t<div class=\"elementor-widget-wrap elementor-element-populated\">\n\t\t\t\t\t\t<div class=\"elementor-element elementor-element-a572765 elementor-widget elementor-widget-google_maps\" data-id=\"a572765\" data-element_type=\"widget\" data-widget_type=\"google_maps.default\">\n\t\t\t\t<div class=\"elementor-widget-container\">\n\t\t\t\t\t\t\t<div class=\"elementor-custom-embed\">\n\t\t\t<iframe loading=\"lazy\"\n\t\t\t\t\tsrc=\"https:\/\/maps.google.com\/maps?q=C%2FEsgl%C3%A8sia%2C%208%20%2017121%20Monells&#038;t=m&#038;z=15&#038;output=embed&#038;iwloc=near\"\n\t\t\t\t\ttitle=\"C\/Esgl\u00e8sia, 8  17121 Monells\"\n\t\t\t\t\taria-label=\"C\/Esgl\u00e8sia, 8  17121 Monells\"\n\t\t\t><\/iframe>\n\t\t<\/div>\n\t\t\t\t\t\t<\/div>\n\t\t\t\t<\/div>\n\t\t\t\t\t<\/div>\n\t\t<\/div>\n\t\t\t\t\t<\/div>\n\t\t<\/section>\n\t\t\t\t<section class=\"elementor-section elementor-inner-section elementor-element elementor-element-f302322 elementor-section-full_width elementor-section-height-default elementor-section-height-default\" data-id=\"f302322\" data-element_type=\"section\">\n\t\t\t\t\t\t<div class=\"elementor-container elementor-column-gap-default\">\n\t\t\t\t\t<div class=\"elementor-column elementor-col-100 elementor-inner-column elementor-element elementor-element-d355066\" data-id=\"d355066\" data-element_type=\"column\">\n\t\t\t<div class=\"elementor-widget-wrap elementor-element-populated\">\n\t\t\t\t\t\t<div class=\"elementor-element elementor-element-26d9b2a dadescontacte elementor-widget elementor-widget-text-editor\" data-id=\"26d9b2a\" data-element_type=\"widget\" data-widget_type=\"text-editor.default\">\n\t\t\t\t<div class=\"elementor-widget-container\">\n\t\t\t\t\t\t\t\t\t<p><span style=\"margin-bottom: 0px !important;\">Write us an email here<\/span><\/p>\n\t\t\t\t\t\t\t\t<\/div>\n\t\t\t\t<\/div>\n\t\t\t\t\t<\/div>\n\t\t<\/div>\n\t\t\t\t\t<\/div>\n\t\t<\/section>\n\t\t\t\t<div class=\"elementor-element elementor-element-45db176 elementor-button-align-end elementor-widget elementor-widget-form\" data-id=\"45db176\" data-element_type=\"widget\" data-settings=\"{&quot;button_width&quot;:&quot;100&quot;,&quot;step_next_label&quot;:&quot;Next&quot;,&quot;step_previous_label&quot;:&quot;Previous&quot;,&quot;step_type&quot;:&quot;number_text&quot;,&quot;step_icon_shape&quot;:&quot;circle&quot;}\" data-widget_type=\"form.default\">\n\t\t\t\t<div class=\"elementor-widget-container\">\n\t\t\t\t\t\t\t<form class=\"elementor-form\" method=\"post\" name=\"Nou formulari\" aria-label=\"Nou formulari\">\n\t\t\t<input type=\"hidden\" name=\"post_id\" value=\"804\"\/>\n\t\t\t<input type=\"hidden\" name=\"form_id\" value=\"45db176\"\/>\n\t\t\t<input type=\"hidden\" name=\"referer_title\" value=\"Cavalls Lluis Pell\" \/>\n\n\t\t\t\n\t\t\t<div class=\"elementor-form-fields-wrapper elementor-labels-\">\n\t\t\t\t\t\t\t\t<div class=\"elementor-field-type-text elementor-field-group elementor-column elementor-field-group-name elementor-col-33\">\n\t\t\t\t\t\t\t\t\t\t\t\t<label for=\"form-field-name\" class=\"elementor-field-label elementor-screen-only\">\n\t\t\t\t\t\t\t\tName\t\t\t\t\t\t\t<\/label>\n\t\t\t\t\t\t\t\t\t\t\t\t\t\t<input size=\"1\" type=\"text\" name=\"form_fields[name]\" id=\"form-field-name\" class=\"elementor-field elementor-size-sm  elementor-field-textual\" placeholder=\"Name *\">\n\t\t\t\t\t\t\t\t\t\t\t<\/div>\n\t\t\t\t\t\t\t\t<div class=\"elementor-field-type-email elementor-field-group elementor-column elementor-field-group-email elementor-col-33 elementor-field-required\">\n\t\t\t\t\t\t\t\t\t\t\t\t<label for=\"form-field-email\" class=\"elementor-field-label elementor-screen-only\">\n\t\t\t\t\t\t\t\tEmail\t\t\t\t\t\t\t<\/label>\n\t\t\t\t\t\t\t\t\t\t\t\t\t\t<input size=\"1\" type=\"email\" name=\"form_fields[email]\" id=\"form-field-email\" class=\"elementor-field elementor-size-sm  elementor-field-textual\" placeholder=\"Email *\" required=\"required\">\n\t\t\t\t\t\t\t\t\t\t\t<\/div>\n\t\t\t\t\t\t\t\t<div class=\"elementor-field-type-tel elementor-field-group elementor-column elementor-field-group-e00640e elementor-col-33\">\n\t\t\t\t\t\t\t\t\t\t\t\t<label for=\"form-field-e00640e\" class=\"elementor-field-label elementor-screen-only\">\n\t\t\t\t\t\t\t\tPhone\t\t\t\t\t\t\t<\/label>\n\t\t\t\t\t\t\t\t<input size=\"1\" type=\"tel\" name=\"form_fields[e00640e]\" id=\"form-field-e00640e\" class=\"elementor-field elementor-size-sm  elementor-field-textual\" placeholder=\"Phone *\" pattern=\"[0-9()#&amp;+*-=.]+\" title=\"Only numbers and phone characters (#, -, *, etc) are accepted.\">\n\n\t\t\t\t\t\t<\/div>\n\t\t\t\t\t\t\t\t<div class=\"elementor-field-type-textarea elementor-field-group elementor-column elementor-field-group-95c003e elementor-col-100\">\n\t\t\t\t\t\t\t\t\t\t\t\t<label for=\"form-field-95c003e\" class=\"elementor-field-label elementor-screen-only\">\n\t\t\t\t\t\t\t\tMessage\t\t\t\t\t\t\t<\/label>\n\t\t\t\t\t\t<textarea class=\"elementor-field-textual elementor-field  elementor-size-sm\" name=\"form_fields[95c003e]\" id=\"form-field-95c003e\" rows=\"4\" placeholder=\"Message\"><\/textarea>\t\t\t\t<\/div>\n\t\t\t\t\t\t\t\t<div class=\"elementor-field-type-acceptance elementor-field-group elementor-column elementor-field-group-field_1 elementor-col-100 elementor-field-required\">\n\t\t\t\t\t\t\t\t\t\t\t\t<label for=\"form-field-field_1\" class=\"elementor-field-label elementor-screen-only\">\n\t\t\t\t\t\t\t\tPol\u00edtica privadesa\t\t\t\t\t\t\t<\/label>\n\t\t\t\t\t\t\t\t<div class=\"elementor-field-subgroup\">\n\t\t\t<span class=\"elementor-field-option\">\n\t\t\t\t<input type=\"checkbox\" name=\"form_fields[field_1]\" id=\"form-field-field_1\" class=\"elementor-field elementor-size-sm  elementor-acceptance-field\" required=\"required\">\n\t\t\t\t<label for=\"form-field-field_1\">I have read and accept the <a href=\"http:\/\/proba.cavallslluispell.com\/politica-de-privadesa\/\" target=\"_blank\"> privacy policy <\/a><\/label>\t\t\t<\/span>\n\t\t<\/div>\n\t\t\t\t\t\t<\/div>\n\t\t\t\t\t\t\t\t<div class=\"elementor-field-group elementor-column elementor-field-type-submit elementor-col-100 e-form__buttons\">\n\t\t\t\t\t<button class=\"elementor-button elementor-size-sm\" type=\"submit\">\n\t\t\t\t\t\t<span class=\"elementor-button-content-wrapper\">\n\t\t\t\t\t\t\t\t\t\t\t\t\t\t\t\t\t\t\t\t\t\t<span class=\"elementor-button-text\">SEND<\/span>\n\t\t\t\t\t\t\t\t\t\t\t\t\t<\/span>\n\t\t\t\t\t<\/button>\n\t\t\t\t<\/div>\n\t\t\t<\/div>\n\t\t<\/form>\n\t\t\t\t\t\t<\/div>\n\t\t\t\t<\/div>\n\t\t\t\t\t<\/div>\n\t\t<\/div>\n\t\t\t\t\t<\/div>\n\t\t<\/section>\n\t\t\t\t<\/div>\n\t\t","protected":false},"excerpt":{"rendered":"<p>Contact us Contact information C\/Esgl\u00e8sia, 8 17121 Monells (Girona) Tel. 609 045 362 Fax. 972 630 119 cavallslluispell@yahoo.es YOUTUBE CHANNEL Write us an email here<\/p>\n","protected":false},"author":1,"featured_media":0,"parent":0,"menu_order":0,"comment_status":"closed","ping_status":"closed","template":"elementor_header_footer","meta":{"inline_featured_image":false,"footnotes":""},"class_list":["post-804","page","type-page","status-publish","hentry"],"yoast_head":"<!-- This site is optimized with the Yoast SEO plugin v25.4 - https:\/\/yoast.com\/wordpress\/plugins\/seo\/ -->\n<title>Contact - Cavalls Lluis Pell<\/title>\n<meta name=\"robots\" content=\"index, follow, max-snippet:-1, max-image-preview:large, max-video-preview:-1\" \/>\n<link rel=\"canonical\" href=\"https:\/\/www.cavallslluispell.com\/en\/contact\/\" \/>\n<meta property=\"og:locale\" content=\"en_US\" \/>\n<meta property=\"og:type\" content=\"article\" \/>\n<meta property=\"og:title\" content=\"Contact - Cavalls Lluis Pell\" \/>\n<meta property=\"og:description\" content=\"Contact us Contact information C\/Esgl\u00e8sia, 8 17121 Monells (Girona) Tel. 609 045 362 Fax. 972 630 119 cavallslluispell@yahoo.es YOUTUBE CHANNEL Write us an email here\" \/>\n<meta property=\"og:url\" content=\"https:\/\/www.cavallslluispell.com\/en\/contact\/\" \/>\n<meta property=\"og:site_name\" content=\"Cavalls Lluis Pell\" \/>\n<meta property=\"article:modified_time\" content=\"2019-03-05T08:57:19+00:00\" \/>\n<meta name=\"twitter:card\" content=\"summary_large_image\" \/>\n<script type=\"application\/ld+json\" class=\"yoast-schema-graph\">{\"@context\":\"https:\/\/schema.org\",\"@graph\":[{\"@type\":\"WebPage\",\"@id\":\"https:\/\/www.cavallslluispell.com\/en\/contact\/\",\"url\":\"https:\/\/www.cavallslluispell.com\/en\/contact\/\",\"name\":\"Contact - Cavalls Lluis Pell\",\"isPartOf\":{\"@id\":\"https:\/\/www.cavallslluispell.com\/#website\"},\"datePublished\":\"2019-02-07T11:58:38+00:00\",\"dateModified\":\"2019-03-05T08:57:19+00:00\",\"breadcrumb\":{\"@id\":\"https:\/\/www.cavallslluispell.com\/en\/contact\/#breadcrumb\"},\"inLanguage\":\"en-US\",\"potentialAction\":[{\"@type\":\"ReadAction\",\"target\":[\"https:\/\/www.cavallslluispell.com\/en\/contact\/\"]}]},{\"@type\":\"BreadcrumbList\",\"@id\":\"https:\/\/www.cavallslluispell.com\/en\/contact\/#breadcrumb\",\"itemListElement\":[{\"@type\":\"ListItem\",\"position\":1,\"name\":\"Inici\",\"item\":\"https:\/\/www.cavallslluispell.com\/en\/home\/\"},{\"@type\":\"ListItem\",\"position\":2,\"name\":\"Contact\"}]},{\"@type\":\"WebSite\",\"@id\":\"https:\/\/www.cavallslluispell.com\/#website\",\"url\":\"https:\/\/www.cavallslluispell.com\/\",\"name\":\"Cavalls Lluis Pell\",\"description\":\"Cria de cavalls de Pura Ra\u00e7a Espa\u00f1ola (PRE). Doma natural i doma cl\u00e0sica.\",\"publisher\":{\"@id\":\"https:\/\/www.cavallslluispell.com\/#organization\"},\"potentialAction\":[{\"@type\":\"SearchAction\",\"target\":{\"@type\":\"EntryPoint\",\"urlTemplate\":\"https:\/\/www.cavallslluispell.com\/?s={search_term_string}\"},\"query-input\":{\"@type\":\"PropertyValueSpecification\",\"valueRequired\":true,\"valueName\":\"search_term_string\"}}],\"inLanguage\":\"en-US\"},{\"@type\":\"Organization\",\"@id\":\"https:\/\/www.cavallslluispell.com\/#organization\",\"name\":\"Cavalls Llu\u00eds Pell\",\"url\":\"https:\/\/www.cavallslluispell.com\/\",\"logo\":{\"@type\":\"ImageObject\",\"inLanguage\":\"en-US\",\"@id\":\"https:\/\/www.cavallslluispell.com\/#\/schema\/logo\/image\/\",\"url\":\"https:\/\/www.cavallslluispell.com\/wp-content\/uploads\/2018\/12\/logo-ambP.png\",\"contentUrl\":\"https:\/\/www.cavallslluispell.com\/wp-content\/uploads\/2018\/12\/logo-ambP.png\",\"width\":248,\"height\":107,\"caption\":\"Cavalls Llu\u00eds Pell\"},\"image\":{\"@id\":\"https:\/\/www.cavallslluispell.com\/#\/schema\/logo\/image\/\"},\"sameAs\":[\"https:\/\/www.youtube.com\/channel\/UCYOSBhFoM_baI2RezI5oE_A\"]}]}<\/script>\n<!-- \/ Yoast SEO plugin. -->","yoast_head_json":{"title":"Contact - Cavalls Lluis Pell","robots":{"index":"index","follow":"follow","max-snippet":"max-snippet:-1","max-image-preview":"max-image-preview:large","max-video-preview":"max-video-preview:-1"},"canonical":"https:\/\/www.cavallslluispell.com\/en\/contact\/","og_locale":"en_US","og_type":"article","og_title":"Contact - Cavalls Lluis Pell","og_description":"Contact us Contact information C\/Esgl\u00e8sia, 8 17121 Monells (Girona) Tel. 609 045 362 Fax. 972 630 119 cavallslluispell@yahoo.es YOUTUBE CHANNEL Write us an email here","og_url":"https:\/\/www.cavallslluispell.com\/en\/contact\/","og_site_name":"Cavalls Lluis Pell","article_modified_time":"2019-03-05T08:57:19+00:00","twitter_card":"summary_large_image","schema":{"@context":"https:\/\/schema.org","@graph":[{"@type":"WebPage","@id":"https:\/\/www.cavallslluispell.com\/en\/contact\/","url":"https:\/\/www.cavallslluispell.com\/en\/contact\/","name":"Contact - Cavalls Lluis Pell","isPartOf":{"@id":"https:\/\/www.cavallslluispell.com\/#website"},"datePublished":"2019-02-07T11:58:38+00:00","dateModified":"2019-03-05T08:57:19+00:00","breadcrumb":{"@id":"https:\/\/www.cavallslluispell.com\/en\/contact\/#breadcrumb"},"inLanguage":"en-US","potentialAction":[{"@type":"ReadAction","target":["https:\/\/www.cavallslluispell.com\/en\/contact\/"]}]},{"@type":"BreadcrumbList","@id":"https:\/\/www.cavallslluispell.com\/en\/contact\/#breadcrumb","itemListElement":[{"@type":"ListItem","position":1,"name":"Inici","item":"https:\/\/www.cavallslluispell.com\/en\/home\/"},{"@type":"ListItem","position":2,"name":"Contact"}]},{"@type":"WebSite","@id":"https:\/\/www.cavallslluispell.com\/#website","url":"https:\/\/www.cavallslluispell.com\/","name":"Cavalls Lluis Pell","description":"Cria de cavalls de Pura Ra\u00e7a Espa\u00f1ola (PRE). Doma natural i doma cl\u00e0sica.","publisher":{"@id":"https:\/\/www.cavallslluispell.com\/#organization"},"potentialAction":[{"@type":"SearchAction","target":{"@type":"EntryPoint","urlTemplate":"https:\/\/www.cavallslluispell.com\/?s={search_term_string}"},"query-input":{"@type":"PropertyValueSpecification","valueRequired":true,"valueName":"search_term_string"}}],"inLanguage":"en-US"},{"@type":"Organization","@id":"https:\/\/www.cavallslluispell.com\/#organization","name":"Cavalls Llu\u00eds Pell","url":"https:\/\/www.cavallslluispell.com\/","logo":{"@type":"ImageObject","inLanguage":"en-US","@id":"https:\/\/www.cavallslluispell.com\/#\/schema\/logo\/image\/","url":"https:\/\/www.cavallslluispell.com\/wp-content\/uploads\/2018\/12\/logo-ambP.png","contentUrl":"https:\/\/www.cavallslluispell.com\/wp-content\/uploads\/2018\/12\/logo-ambP.png","width":248,"height":107,"caption":"Cavalls Llu\u00eds Pell"},"image":{"@id":"https:\/\/www.cavallslluispell.com\/#\/schema\/logo\/image\/"},"sameAs":["https:\/\/www.youtube.com\/channel\/UCYOSBhFoM_baI2RezI5oE_A"]}]}},"_links":{"self":[{"href":"https:\/\/www.cavallslluispell.com\/en\/wp-json\/wp\/v2\/pages\/804","targetHints":{"allow":["GET"]}}],"collection":[{"href":"https:\/\/www.cavallslluispell.com\/en\/wp-json\/wp\/v2\/pages"}],"about":[{"href":"https:\/\/www.cavallslluispell.com\/en\/wp-json\/wp\/v2\/types\/page"}],"author":[{"embeddable":true,"href":"https:\/\/www.cavallslluispell.com\/en\/wp-json\/wp\/v2\/users\/1"}],"replies":[{"embeddable":true,"href":"https:\/\/www.cavallslluispell.com\/en\/wp-json\/wp\/v2\/comments?post=804"}],"version-history":[{"count":2,"href":"https:\/\/www.cavallslluispell.com\/en\/wp-json\/wp\/v2\/pages\/804\/revisions"}],"predecessor-version":[{"id":913,"href":"https:\/\/www.cavallslluispell.com\/en\/wp-json\/wp\/v2\/pages\/804\/revisions\/913"}],"wp:attachment":[{"href":"https:\/\/www.cavallslluispell.com\/en\/wp-json\/wp\/v2\/media?parent=804"}],"curies":[{"name":"wp","href":"https:\/\/api.w.org\/{rel}","templated":true}]}}