{"id":881,"date":"2019-02-07T15:18:00","date_gmt":"2019-02-07T15:18:00","guid":{"rendered":"https:\/\/www.cavallslluispell.com\/lluis-pell\/"},"modified":"2019-03-06T12:16:48","modified_gmt":"2019-03-06T12:16:48","slug":"lluis-pell","status":"publish","type":"page","link":"https:\/\/www.cavallslluispell.com\/es\/lluis-pell\/","title":{"rendered":"Llu\u00eds pell"},"content":{"rendered":"\t\t<div data-elementor-type=\"wp-post\" data-elementor-id=\"881\" class=\"elementor elementor-881 elementor-33 elementor-bc-flex-widget\" data-elementor-post-type=\"page\">\n\t\t\t\t\t\t<section class=\"elementor-section elementor-top-section elementor-element elementor-element-3e44f35 elementor-section-full_width elementor-section-height-default elementor-section-height-default\" data-id=\"3e44f35\" data-element_type=\"section\">\n\t\t\t\t\t\t<div class=\"elementor-container elementor-column-gap-default\">\n\t\t\t\t\t<div class=\"elementor-column elementor-col-50 elementor-top-column elementor-element elementor-element-d955954\" data-id=\"d955954\" data-element_type=\"column\">\n\t\t\t<div class=\"elementor-widget-wrap elementor-element-populated\">\n\t\t\t\t\t\t<div class=\"elementor-element elementor-element-b7ce9f1 elementor-widget elementor-widget-image\" data-id=\"b7ce9f1\" data-element_type=\"widget\" data-widget_type=\"image.default\">\n\t\t\t\t<div class=\"elementor-widget-container\">\n\t\t\t\t\t\t\t\t\t\t\t\t\t\t\t<img fetchpriority=\"high\" decoding=\"async\" width=\"495\" height=\"529\" src=\"https:\/\/www.cavallslluispell.com\/wp-content\/uploads\/2018\/12\/foto_index.jpg\" class=\"attachment-full size-full wp-image-468\" alt=\"\" srcset=\"https:\/\/www.cavallslluispell.com\/wp-content\/uploads\/2018\/12\/foto_index.jpg 495w, https:\/\/www.cavallslluispell.com\/wp-content\/uploads\/2018\/12\/foto_index-281x300.jpg 281w\" sizes=\"(max-width: 495px) 100vw, 495px\" \/>\t\t\t\t\t\t\t\t\t\t\t\t\t\t\t<\/div>\n\t\t\t\t<\/div>\n\t\t\t\t\t<\/div>\n\t\t<\/div>\n\t\t\t\t<div class=\"elementor-column elementor-col-50 elementor-top-column elementor-element elementor-element-c43da47\" data-id=\"c43da47\" data-element_type=\"column\" data-settings=\"{&quot;background_background&quot;:&quot;classic&quot;}\">\n\t\t\t<div class=\"elementor-widget-wrap elementor-element-populated\">\n\t\t\t\t\t\t<div class=\"elementor-element elementor-element-888983f mgbotzero elementor-widget elementor-widget-text-editor\" data-id=\"888983f\" data-element_type=\"widget\" data-widget_type=\"text-editor.default\">\n\t\t\t\t<div class=\"elementor-widget-container\">\n\t\t\t\t\t\t\t\t\t<p>A veces pienso:<\/p>\n\t\t\t\t\t\t\t\t<\/div>\n\t\t\t\t<\/div>\n\t\t\t\t<div class=\"elementor-element elementor-element-bdd8efd elementor-widget elementor-widget-text-editor\" data-id=\"bdd8efd\" data-element_type=\"widget\" data-widget_type=\"text-editor.default\">\n\t\t\t\t<div class=\"elementor-widget-container\">\n\t\t\t\t\t\t\t\t\t<p> \u00bfQui\u00e9n lo iba a decir <br \/> que acabar\u00eda <br \/> dedic\u00e1ndome a <br \/> caballos? <\/ p><\/p>\n\t\t\t\t\t\t\t\t<\/div>\n\t\t\t\t<\/div>\n\t\t\t\t\t<\/div>\n\t\t<\/div>\n\t\t\t\t\t<\/div>\n\t\t<\/section>\n\t\t\t\t<section class=\"elementor-section elementor-top-section elementor-element elementor-element-4bc7e0c elementor-section-full_width elementor-section-height-default elementor-section-height-default\" data-id=\"4bc7e0c\" data-element_type=\"section\" data-settings=\"{&quot;background_background&quot;:&quot;classic&quot;}\">\n\t\t\t\t\t\t<div class=\"elementor-container elementor-column-gap-default\">\n\t\t\t\t\t<div class=\"elementor-column elementor-col-50 elementor-top-column elementor-element elementor-element-556cc14\" data-id=\"556cc14\" data-element_type=\"column\">\n\t\t\t<div class=\"elementor-widget-wrap elementor-element-populated\">\n\t\t\t\t\t\t<div class=\"elementor-element elementor-element-ea11c3d elementor-widget elementor-widget-text-editor\" data-id=\"ea11c3d\" data-element_type=\"widget\" data-widget_type=\"text-editor.default\">\n\t\t\t\t<div class=\"elementor-widget-container\">\n\t\t\t\t\t\t\t\t\t<p>Este no era mi oficio, ni el que hab\u00eda estudiado, pero al empezar a tratar con ellos me atrajo tanto que as\u00ed es como ha ido.<br \/>\nSiempre me hab\u00edan gustado, aunque nunca me hab\u00eda subido a uno. Fue cuando ten\u00eda 20 a\u00f1os, cuando compramos entre cinco amigos una yegua y su potro. No era una campeona, pero serv\u00eda para ir de paseo. El problema fue que s\u00f3lo se pod\u00eda montar uno, as\u00ed que nos fuimos liando&#8230;<br \/>\nAl cabo de cinco a\u00f1os y con los conceptos un poco m\u00e1s claros sobre el mundo de los caballos, decid\u00ed dedicarme a ellos y a poner en pr\u00e1ctica la disciplina de la doma cl\u00e1sica. Aunque siempre un poco apartado del mundo de la competici\u00f3n, he aprendido los conceptos principales, a montar bien y a tener una base s\u00f3lida.<\/p>\n\t\t\t\t\t\t\t\t<\/div>\n\t\t\t\t<\/div>\n\t\t\t\t\t<\/div>\n\t\t<\/div>\n\t\t\t\t<div class=\"elementor-column elementor-col-50 elementor-top-column elementor-element elementor-element-c7d2898\" data-id=\"c7d2898\" data-element_type=\"column\">\n\t\t\t<div class=\"elementor-widget-wrap elementor-element-populated\">\n\t\t\t\t\t\t<div class=\"elementor-element elementor-element-262b2b7 elementor-widget elementor-widget-text-editor\" data-id=\"262b2b7\" data-element_type=\"widget\" data-widget_type=\"text-editor.default\">\n\t\t\t\t<div class=\"elementor-widget-container\">\n\t\t\t\t\t\t\t\t\t<p>Muchas veces los mismos caballos nos ense\u00f1an lo poco que sabemos de ellos y de lo que nos falta por aprender, pero el esp\u00edritu de aprender y de superarte cada d\u00eda m\u00e1s es lo que, por lo menos en mi caso, me ha ayudado a tirar siempre hacia delante.<br \/>\nDespu\u00e9s de 25 a\u00f1os, cambio radicalmente mi manera de trabajar con los caballos: Supongo que como muchos de los que trabajamos con caballos siempre quieres entenderte mejor con ellos y sue\u00f1as con hacer m\u00e1s cosas&#8230; \u00a1Yo tambi\u00e9n! Y la verdad es que siempre hab\u00eda pensado que estos animales no entend\u00edan mucho de lo que les dec\u00edamos o hac\u00edamos con ellos, \u00a1porque parec\u00eda que pasaban ol\u00edmpicamente! \u00a1Qu\u00e9 equivocado estaba!<\/p>\n\t\t\t\t\t\t\t\t<\/div>\n\t\t\t\t<\/div>\n\t\t\t\t\t<\/div>\n\t\t<\/div>\n\t\t\t\t\t<\/div>\n\t\t<\/section>\n\t\t\t\t<section class=\"elementor-section elementor-top-section elementor-element elementor-element-dd5fa08 elementor-section-full_width elementor-section-height-default elementor-section-height-default\" data-id=\"dd5fa08\" data-element_type=\"section\" data-settings=\"{&quot;background_background&quot;:&quot;classic&quot;}\">\n\t\t\t\t\t\t<div class=\"elementor-container elementor-column-gap-default\">\n\t\t\t\t\t<div class=\"elementor-column elementor-col-50 elementor-top-column elementor-element elementor-element-cb0ca0e\" data-id=\"cb0ca0e\" data-element_type=\"column\">\n\t\t\t<div class=\"elementor-widget-wrap elementor-element-populated\">\n\t\t\t\t\t\t<div class=\"elementor-element elementor-element-513952c elementor-widget elementor-widget-image\" data-id=\"513952c\" data-element_type=\"widget\" data-widget_type=\"image.default\">\n\t\t\t\t<div class=\"elementor-widget-container\">\n\t\t\t\t\t\t\t\t\t\t\t\t\t\t\t<img decoding=\"async\" width=\"800\" height=\"800\" src=\"https:\/\/www.cavallslluispell.com\/wp-content\/uploads\/2018\/12\/lluis-2.jpg\" class=\"attachment-large size-large wp-image-470\" alt=\"\" srcset=\"https:\/\/www.cavallslluispell.com\/wp-content\/uploads\/2018\/12\/lluis-2.jpg 1000w, https:\/\/www.cavallslluispell.com\/wp-content\/uploads\/2018\/12\/lluis-2-150x150.jpg 150w, https:\/\/www.cavallslluispell.com\/wp-content\/uploads\/2018\/12\/lluis-2-300x300.jpg 300w, https:\/\/www.cavallslluispell.com\/wp-content\/uploads\/2018\/12\/lluis-2-768x768.jpg 768w, https:\/\/www.cavallslluispell.com\/wp-content\/uploads\/2018\/12\/lluis-2-100x100.jpg 100w\" sizes=\"(max-width: 800px) 100vw, 800px\" \/>\t\t\t\t\t\t\t\t\t\t\t\t\t\t\t<\/div>\n\t\t\t\t<\/div>\n\t\t\t\t\t<\/div>\n\t\t<\/div>\n\t\t\t\t<div class=\"elementor-column elementor-col-50 elementor-top-column elementor-element elementor-element-92ca75b\" data-id=\"92ca75b\" data-element_type=\"column\">\n\t\t\t<div class=\"elementor-widget-wrap elementor-element-populated\">\n\t\t\t\t\t\t<div class=\"elementor-element elementor-element-1d3d4b1 elementor-widget elementor-widget-image\" data-id=\"1d3d4b1\" data-element_type=\"widget\" data-widget_type=\"image.default\">\n\t\t\t\t<div class=\"elementor-widget-container\">\n\t\t\t\t\t\t\t\t\t\t\t\t\t\t\t<img decoding=\"async\" width=\"800\" height=\"800\" src=\"https:\/\/www.cavallslluispell.com\/wp-content\/uploads\/2018\/12\/lluis-3.jpg\" class=\"attachment-large size-large wp-image-472\" alt=\"\" srcset=\"https:\/\/www.cavallslluispell.com\/wp-content\/uploads\/2018\/12\/lluis-3.jpg 1000w, https:\/\/www.cavallslluispell.com\/wp-content\/uploads\/2018\/12\/lluis-3-150x150.jpg 150w, https:\/\/www.cavallslluispell.com\/wp-content\/uploads\/2018\/12\/lluis-3-300x300.jpg 300w, https:\/\/www.cavallslluispell.com\/wp-content\/uploads\/2018\/12\/lluis-3-768x768.jpg 768w, https:\/\/www.cavallslluispell.com\/wp-content\/uploads\/2018\/12\/lluis-3-100x100.jpg 100w\" sizes=\"(max-width: 800px) 100vw, 800px\" \/>\t\t\t\t\t\t\t\t\t\t\t\t\t\t\t<\/div>\n\t\t\t\t<\/div>\n\t\t\t\t\t<\/div>\n\t\t<\/div>\n\t\t\t\t\t<\/div>\n\t\t<\/section>\n\t\t\t\t<section class=\"elementor-section elementor-top-section elementor-element elementor-element-baa1f6c elementor-section-full_width elementor-section-height-default elementor-section-height-default\" data-id=\"baa1f6c\" data-element_type=\"section\">\n\t\t\t\t\t\t<div class=\"elementor-container elementor-column-gap-default\">\n\t\t\t\t\t<div class=\"elementor-column elementor-col-100 elementor-top-column elementor-element elementor-element-47abd9e\" data-id=\"47abd9e\" data-element_type=\"column\">\n\t\t\t<div class=\"elementor-widget-wrap elementor-element-populated\">\n\t\t\t\t\t\t<div class=\"elementor-element elementor-element-8342dbd elementor-widget elementor-widget-text-editor\" data-id=\"8342dbd\" data-element_type=\"widget\" data-widget_type=\"text-editor.default\">\n\t\t\t\t<div class=\"elementor-widget-container\">\n\t\t\t\t\t\t\t\t\t<p>Total, que me interes\u00e9 por la doma natural.<\/p>\n\t\t\t\t\t\t\t\t<\/div>\n\t\t\t\t<\/div>\n\t\t\t\t<div class=\"elementor-element elementor-element-e6f81d1 elementor-widget elementor-widget-text-editor\" data-id=\"e6f81d1\" data-element_type=\"widget\" data-widget_type=\"text-editor.default\">\n\t\t\t\t<div class=\"elementor-widget-container\">\n\t\t\t\t\t\t\t\t\t<p>Hab\u00eda visto algunas cosas, pero cuando lo pruebas y ves que no funciona lo dejas pasar. Un d\u00eda compr\u00e9 un v\u00eddeo de Pat Parelli, Los siete juegos, que no parece gran cosa; es m\u00e1s, si no est\u00e1s muy interesado es un poco aburrido. Pero observ\u00e9 que haciendo los juegos ten\u00edas un buen control del caballo pie a tierra y una buena base con la que empezar. A partir de entonces, y a base de invertir muchas horas fui progresando y observ\u00e9 que estos animales responden a otros est\u00edmulos menos apreciados. Es como su hubiera una cortina que nos separa de ellos por el miedo que nos tienen, porque nos ven como depredadores que somos, y una vez consigues apartarla todo cambia.<br \/>\nEs entonces cuando te das cuenta de que en realidad son observadores, que pueden llegar a diferenciar y a aprender muchas cosas, siempre y cuando est\u00e9n calmados y trabajando con un sistema apropiado.<br \/>\nYa hace cinco a\u00f1os que empec\u00e9 con este sistema. Veo que no lo s\u00e9 todo y que me queda mucho por aprender, pero nunca me hab\u00eda imaginado poder hacer lo que hago con los caballos y las posibilidades que esto me ofrece.<\/p>\n\t\t\t\t\t\t\t\t<\/div>\n\t\t\t\t<\/div>\n\t\t\t\t<div class=\"elementor-element elementor-element-c10199a elementor-widget elementor-widget-text-editor\" data-id=\"c10199a\" data-element_type=\"widget\" data-widget_type=\"text-editor.default\">\n\t\t\t\t<div class=\"elementor-widget-container\">\n\t\t\t\t\t\t\t\t\t<p>Ahora puedo decir que tengo un m\u00e9todo de como ense\u00f1ar y relacionarme con el caballo.<\/p>\n<p>Siguiendo este m\u00e9todo y un programa de entrenamiento puedes conseguir cosas incre\u00edbles con los caballos. No creo que haga falta escribir m\u00e1s; es mejor ver las im\u00e1genes que dicen m\u00e1s que todo lo que os pueda explicar con palabras.<\/p>\n\t\t\t\t\t\t\t\t<\/div>\n\t\t\t\t<\/div>\n\t\t\t\t<section class=\"elementor-section elementor-inner-section elementor-element elementor-element-1037c3f elementor-section-boxed elementor-section-height-default elementor-section-height-default\" data-id=\"1037c3f\" data-element_type=\"section\">\n\t\t\t\t\t\t<div class=\"elementor-container elementor-column-gap-default\">\n\t\t\t\t\t<div class=\"elementor-column elementor-col-50 elementor-inner-column elementor-element elementor-element-8fcd6f3\" data-id=\"8fcd6f3\" data-element_type=\"column\">\n\t\t\t<div class=\"elementor-widget-wrap elementor-element-populated\">\n\t\t\t\t\t\t<div class=\"elementor-element elementor-element-40b5145 elementor-align-right elementor-mobile-align-center elementor-widget elementor-widget-button\" data-id=\"40b5145\" data-element_type=\"widget\" data-widget_type=\"button.default\">\n\t\t\t\t<div class=\"elementor-widget-container\">\n\t\t\t\t\t\t\t\t\t<div class=\"elementor-button-wrapper\">\n\t\t\t\t\t<a class=\"elementor-button elementor-button-link elementor-size-sm elementor-animation-sink\" href=\"https:\/\/www.cavallslluispell.com\/doma\/\">\n\t\t\t\t\t\t<span class=\"elementor-button-content-wrapper\">\n\t\t\t\t\t\t\t\t\t<span class=\"elementor-button-text\">DOMA<\/span>\n\t\t\t\t\t<\/span>\n\t\t\t\t\t<\/a>\n\t\t\t\t<\/div>\n\t\t\t\t\t\t\t\t<\/div>\n\t\t\t\t<\/div>\n\t\t\t\t\t<\/div>\n\t\t<\/div>\n\t\t\t\t<div class=\"elementor-column elementor-col-50 elementor-inner-column elementor-element elementor-element-fbc5150\" data-id=\"fbc5150\" data-element_type=\"column\">\n\t\t\t<div class=\"elementor-widget-wrap elementor-element-populated\">\n\t\t\t\t\t\t<div class=\"elementor-element elementor-element-120ba56 elementor-align-left elementor-mobile-align-center elementor-widget elementor-widget-button\" data-id=\"120ba56\" data-element_type=\"widget\" data-widget_type=\"button.default\">\n\t\t\t\t<div class=\"elementor-widget-container\">\n\t\t\t\t\t\t\t\t\t<div class=\"elementor-button-wrapper\">\n\t\t\t\t\t<a class=\"elementor-button elementor-button-link elementor-size-sm elementor-animation-sink\" href=\"https:\/\/www.cavallslluispell.com\/espectacles\/\">\n\t\t\t\t\t\t<span class=\"elementor-button-content-wrapper\">\n\t\t\t\t\t\t\t\t\t<span class=\"elementor-button-text\">ESPECT\u00c1CULO<\/span>\n\t\t\t\t\t<\/span>\n\t\t\t\t\t<\/a>\n\t\t\t\t<\/div>\n\t\t\t\t\t\t\t\t<\/div>\n\t\t\t\t<\/div>\n\t\t\t\t\t<\/div>\n\t\t<\/div>\n\t\t\t\t\t<\/div>\n\t\t<\/section>\n\t\t\t\t\t<\/div>\n\t\t<\/div>\n\t\t\t\t\t<\/div>\n\t\t<\/section>\n\t\t\t\t<\/div>\n\t\t","protected":false},"excerpt":{"rendered":"<p>A veces pienso: \u00bfQui\u00e9n lo iba a decir que acabar\u00eda dedic\u00e1ndome a caballos? Este no era mi oficio, ni el que hab\u00eda estudiado, pero al empezar a tratar con ellos me atrajo tanto que as\u00ed es como ha ido. Siempre me hab\u00edan gustado, aunque nunca me hab\u00eda subido a uno. Fue cuando ten\u00eda 20 a\u00f1os, [&hellip;]<\/p>\n","protected":false},"author":1,"featured_media":0,"parent":0,"menu_order":0,"comment_status":"closed","ping_status":"closed","template":"elementor_header_footer","meta":{"inline_featured_image":false,"footnotes":""},"class_list":["post-881","page","type-page","status-publish","hentry"],"yoast_head":"<!-- This site is optimized with the Yoast SEO plugin v25.4 - https:\/\/yoast.com\/wordpress\/plugins\/seo\/ -->\n<title>Llu\u00eds pell - Cavalls Lluis Pell<\/title>\n<meta name=\"robots\" content=\"index, follow, max-snippet:-1, max-image-preview:large, max-video-preview:-1\" \/>\n<link rel=\"canonical\" href=\"https:\/\/www.cavallslluispell.com\/es\/lluis-pell\/\" \/>\n<meta property=\"og:locale\" content=\"es_ES\" \/>\n<meta property=\"og:type\" content=\"article\" \/>\n<meta property=\"og:title\" content=\"Llu\u00eds pell - Cavalls Lluis Pell\" \/>\n<meta property=\"og:description\" content=\"A veces pienso: \u00bfQui\u00e9n lo iba a decir que acabar\u00eda dedic\u00e1ndome a caballos? Este no era mi oficio, ni el que hab\u00eda estudiado, pero al empezar a tratar con ellos me atrajo tanto que as\u00ed es como ha ido. Siempre me hab\u00edan gustado, aunque nunca me hab\u00eda subido a uno. Fue cuando ten\u00eda 20 a\u00f1os, [&hellip;]\" \/>\n<meta property=\"og:url\" content=\"https:\/\/www.cavallslluispell.com\/es\/lluis-pell\/\" \/>\n<meta property=\"og:site_name\" content=\"Cavalls Lluis Pell\" \/>\n<meta property=\"article:modified_time\" content=\"2019-03-06T12:16:48+00:00\" \/>\n<meta property=\"og:image\" content=\"https:\/\/www.cavallslluispell.com\/wp-content\/uploads\/2018\/12\/foto_index.jpg\" \/>\n<meta name=\"twitter:card\" content=\"summary_large_image\" \/>\n<meta name=\"twitter:label1\" content=\"Tiempo de lectura\" \/>\n\t<meta name=\"twitter:data1\" content=\"3 minutos\" \/>\n<script type=\"application\/ld+json\" class=\"yoast-schema-graph\">{\"@context\":\"https:\/\/schema.org\",\"@graph\":[{\"@type\":\"WebPage\",\"@id\":\"https:\/\/www.cavallslluispell.com\/es\/lluis-pell\/\",\"url\":\"https:\/\/www.cavallslluispell.com\/es\/lluis-pell\/\",\"name\":\"Llu\u00eds pell - Cavalls Lluis Pell\",\"isPartOf\":{\"@id\":\"https:\/\/www.cavallslluispell.com\/#website\"},\"primaryImageOfPage\":{\"@id\":\"https:\/\/www.cavallslluispell.com\/es\/lluis-pell\/#primaryimage\"},\"image\":{\"@id\":\"https:\/\/www.cavallslluispell.com\/es\/lluis-pell\/#primaryimage\"},\"thumbnailUrl\":\"https:\/\/www.cavallslluispell.com\/wp-content\/uploads\/2018\/12\/foto_index.jpg\",\"datePublished\":\"2019-02-07T15:18:00+00:00\",\"dateModified\":\"2019-03-06T12:16:48+00:00\",\"breadcrumb\":{\"@id\":\"https:\/\/www.cavallslluispell.com\/es\/lluis-pell\/#breadcrumb\"},\"inLanguage\":\"es\",\"potentialAction\":[{\"@type\":\"ReadAction\",\"target\":[\"https:\/\/www.cavallslluispell.com\/es\/lluis-pell\/\"]}]},{\"@type\":\"ImageObject\",\"inLanguage\":\"es\",\"@id\":\"https:\/\/www.cavallslluispell.com\/es\/lluis-pell\/#primaryimage\",\"url\":\"https:\/\/www.cavallslluispell.com\/wp-content\/uploads\/2018\/12\/foto_index.jpg\",\"contentUrl\":\"https:\/\/www.cavallslluispell.com\/wp-content\/uploads\/2018\/12\/foto_index.jpg\"},{\"@type\":\"BreadcrumbList\",\"@id\":\"https:\/\/www.cavallslluispell.com\/es\/lluis-pell\/#breadcrumb\",\"itemListElement\":[{\"@type\":\"ListItem\",\"position\":1,\"name\":\"Inici\",\"item\":\"https:\/\/www.cavallslluispell.com\/es\/inicio\/\"},{\"@type\":\"ListItem\",\"position\":2,\"name\":\"Llu\u00eds pell\"}]},{\"@type\":\"WebSite\",\"@id\":\"https:\/\/www.cavallslluispell.com\/#website\",\"url\":\"https:\/\/www.cavallslluispell.com\/\",\"name\":\"Cavalls Lluis Pell\",\"description\":\"Cria de cavalls de Pura Ra\u00e7a Espa\u00f1ola (PRE). Doma natural i doma cl\u00e0sica.\",\"publisher\":{\"@id\":\"https:\/\/www.cavallslluispell.com\/#organization\"},\"potentialAction\":[{\"@type\":\"SearchAction\",\"target\":{\"@type\":\"EntryPoint\",\"urlTemplate\":\"https:\/\/www.cavallslluispell.com\/?s={search_term_string}\"},\"query-input\":{\"@type\":\"PropertyValueSpecification\",\"valueRequired\":true,\"valueName\":\"search_term_string\"}}],\"inLanguage\":\"es\"},{\"@type\":\"Organization\",\"@id\":\"https:\/\/www.cavallslluispell.com\/#organization\",\"name\":\"Cavalls Llu\u00eds Pell\",\"url\":\"https:\/\/www.cavallslluispell.com\/\",\"logo\":{\"@type\":\"ImageObject\",\"inLanguage\":\"es\",\"@id\":\"https:\/\/www.cavallslluispell.com\/#\/schema\/logo\/image\/\",\"url\":\"https:\/\/www.cavallslluispell.com\/wp-content\/uploads\/2018\/12\/logo-ambP.png\",\"contentUrl\":\"https:\/\/www.cavallslluispell.com\/wp-content\/uploads\/2018\/12\/logo-ambP.png\",\"width\":248,\"height\":107,\"caption\":\"Cavalls Llu\u00eds Pell\"},\"image\":{\"@id\":\"https:\/\/www.cavallslluispell.com\/#\/schema\/logo\/image\/\"},\"sameAs\":[\"https:\/\/www.youtube.com\/channel\/UCYOSBhFoM_baI2RezI5oE_A\"]}]}<\/script>\n<!-- \/ Yoast SEO plugin. -->","yoast_head_json":{"title":"Llu\u00eds pell - Cavalls Lluis Pell","robots":{"index":"index","follow":"follow","max-snippet":"max-snippet:-1","max-image-preview":"max-image-preview:large","max-video-preview":"max-video-preview:-1"},"canonical":"https:\/\/www.cavallslluispell.com\/es\/lluis-pell\/","og_locale":"es_ES","og_type":"article","og_title":"Llu\u00eds pell - Cavalls Lluis Pell","og_description":"A veces pienso: \u00bfQui\u00e9n lo iba a decir que acabar\u00eda dedic\u00e1ndome a caballos? Este no era mi oficio, ni el que hab\u00eda estudiado, pero al empezar a tratar con ellos me atrajo tanto que as\u00ed es como ha ido. Siempre me hab\u00edan gustado, aunque nunca me hab\u00eda subido a uno. Fue cuando ten\u00eda 20 a\u00f1os, [&hellip;]","og_url":"https:\/\/www.cavallslluispell.com\/es\/lluis-pell\/","og_site_name":"Cavalls Lluis Pell","article_modified_time":"2019-03-06T12:16:48+00:00","og_image":[{"url":"https:\/\/www.cavallslluispell.com\/wp-content\/uploads\/2018\/12\/foto_index.jpg","type":"","width":"","height":""}],"twitter_card":"summary_large_image","twitter_misc":{"Tiempo de lectura":"3 minutos"},"schema":{"@context":"https:\/\/schema.org","@graph":[{"@type":"WebPage","@id":"https:\/\/www.cavallslluispell.com\/es\/lluis-pell\/","url":"https:\/\/www.cavallslluispell.com\/es\/lluis-pell\/","name":"Llu\u00eds pell - Cavalls Lluis Pell","isPartOf":{"@id":"https:\/\/www.cavallslluispell.com\/#website"},"primaryImageOfPage":{"@id":"https:\/\/www.cavallslluispell.com\/es\/lluis-pell\/#primaryimage"},"image":{"@id":"https:\/\/www.cavallslluispell.com\/es\/lluis-pell\/#primaryimage"},"thumbnailUrl":"https:\/\/www.cavallslluispell.com\/wp-content\/uploads\/2018\/12\/foto_index.jpg","datePublished":"2019-02-07T15:18:00+00:00","dateModified":"2019-03-06T12:16:48+00:00","breadcrumb":{"@id":"https:\/\/www.cavallslluispell.com\/es\/lluis-pell\/#breadcrumb"},"inLanguage":"es","potentialAction":[{"@type":"ReadAction","target":["https:\/\/www.cavallslluispell.com\/es\/lluis-pell\/"]}]},{"@type":"ImageObject","inLanguage":"es","@id":"https:\/\/www.cavallslluispell.com\/es\/lluis-pell\/#primaryimage","url":"https:\/\/www.cavallslluispell.com\/wp-content\/uploads\/2018\/12\/foto_index.jpg","contentUrl":"https:\/\/www.cavallslluispell.com\/wp-content\/uploads\/2018\/12\/foto_index.jpg"},{"@type":"BreadcrumbList","@id":"https:\/\/www.cavallslluispell.com\/es\/lluis-pell\/#breadcrumb","itemListElement":[{"@type":"ListItem","position":1,"name":"Inici","item":"https:\/\/www.cavallslluispell.com\/es\/inicio\/"},{"@type":"ListItem","position":2,"name":"Llu\u00eds pell"}]},{"@type":"WebSite","@id":"https:\/\/www.cavallslluispell.com\/#website","url":"https:\/\/www.cavallslluispell.com\/","name":"Cavalls Lluis Pell","description":"Cria de cavalls de Pura Ra\u00e7a Espa\u00f1ola (PRE). Doma natural i doma cl\u00e0sica.","publisher":{"@id":"https:\/\/www.cavallslluispell.com\/#organization"},"potentialAction":[{"@type":"SearchAction","target":{"@type":"EntryPoint","urlTemplate":"https:\/\/www.cavallslluispell.com\/?s={search_term_string}"},"query-input":{"@type":"PropertyValueSpecification","valueRequired":true,"valueName":"search_term_string"}}],"inLanguage":"es"},{"@type":"Organization","@id":"https:\/\/www.cavallslluispell.com\/#organization","name":"Cavalls Llu\u00eds Pell","url":"https:\/\/www.cavallslluispell.com\/","logo":{"@type":"ImageObject","inLanguage":"es","@id":"https:\/\/www.cavallslluispell.com\/#\/schema\/logo\/image\/","url":"https:\/\/www.cavallslluispell.com\/wp-content\/uploads\/2018\/12\/logo-ambP.png","contentUrl":"https:\/\/www.cavallslluispell.com\/wp-content\/uploads\/2018\/12\/logo-ambP.png","width":248,"height":107,"caption":"Cavalls Llu\u00eds Pell"},"image":{"@id":"https:\/\/www.cavallslluispell.com\/#\/schema\/logo\/image\/"},"sameAs":["https:\/\/www.youtube.com\/channel\/UCYOSBhFoM_baI2RezI5oE_A"]}]}},"_links":{"self":[{"href":"https:\/\/www.cavallslluispell.com\/es\/wp-json\/wp\/v2\/pages\/881","targetHints":{"allow":["GET"]}}],"collection":[{"href":"https:\/\/www.cavallslluispell.com\/es\/wp-json\/wp\/v2\/pages"}],"about":[{"href":"https:\/\/www.cavallslluispell.com\/es\/wp-json\/wp\/v2\/types\/page"}],"author":[{"embeddable":true,"href":"https:\/\/www.cavallslluispell.com\/es\/wp-json\/wp\/v2\/users\/1"}],"replies":[{"embeddable":true,"href":"https:\/\/www.cavallslluispell.com\/es\/wp-json\/wp\/v2\/comments?post=881"}],"version-history":[{"count":5,"href":"https:\/\/www.cavallslluispell.com\/es\/wp-json\/wp\/v2\/pages\/881\/revisions"}],"predecessor-version":[{"id":1076,"href":"https:\/\/www.cavallslluispell.com\/es\/wp-json\/wp\/v2\/pages\/881\/revisions\/1076"}],"wp:attachment":[{"href":"https:\/\/www.cavallslluispell.com\/es\/wp-json\/wp\/v2\/media?parent=881"}],"curies":[{"name":"wp","href":"https:\/\/api.w.org\/{rel}","templated":true}]}}